{"id":118,"date":"2021-01-10T10:02:42","date_gmt":"2021-01-10T10:02:42","guid":{"rendered":"http:\/\/cvjm-speichersdorf.de\/?page_id=118"},"modified":"2021-01-11T20:39:36","modified_gmt":"2021-01-11T19:39:36","slug":"mitgliedsantrag","status":"publish","type":"page","link":"http:\/\/cvjm-speichersdorf.de\/?page_id=118","title":{"rendered":"Mitgliedsantrag"},"content":{"rendered":"\n<p>Wenn du den Verein unterst\u00fctzen m\u00f6chtest oder Teil der Truppe werden m\u00f6chtest, dann f\u00fcll bitte die nachfolgende Beitrittserkl\u00e4rung aus und gebe sie bei deinem Gruppenleiter oder bei unserem Vorstand ab. <\/p>\n\n\n\n<div class=\"wp-block-file\"><a href=\"http:\/\/cvjm-speichersdorf.de\/wp-content\/uploads\/2021\/01\/Beitrittserklaerung-CVJM-Speichersdorf.pdf\">Beitrittserkl\u00e4rung CVJM Speichersdorf<\/a><a href=\"http:\/\/cvjm-speichersdorf.de\/wp-content\/uploads\/2021\/01\/Beitrittserklaerung-CVJM-Speichersdorf.pdf\" class=\"wp-block-file__button\" download>Herunterladen<\/a><\/div>\n","protected":false},"excerpt":{"rendered":"<p>Wenn du den Verein unterst\u00fctzen m\u00f6chtest oder Teil der Truppe werden m\u00f6chtest, dann f\u00fcll bitte die nachfolgende Beitrittserkl\u00e4rung aus und <span class=\"more-text\">&hellip;<\/span><\/p>\n","protected":false},"author":1,"featured_media":0,"parent":0,"menu_order":0,"comment_status":"closed","ping_status":"closed","template":"","meta":{"ngg_post_thumbnail":0,"footnotes":""},"class_list":["post-118","page","type-page","status-publish","hentry"],"_links":{"self":[{"href":"http:\/\/cvjm-speichersdorf.de\/index.php?rest_route=\/wp\/v2\/pages\/118","targetHints":{"allow":["GET"]}}],"collection":[{"href":"http:\/\/cvjm-speichersdorf.de\/index.php?rest_route=\/wp\/v2\/pages"}],"about":[{"href":"http:\/\/cvjm-speichersdorf.de\/index.php?rest_route=\/wp\/v2\/types\/page"}],"author":[{"embeddable":true,"href":"http:\/\/cvjm-speichersdorf.de\/index.php?rest_route=\/wp\/v2\/users\/1"}],"replies":[{"embeddable":true,"href":"http:\/\/cvjm-speichersdorf.de\/index.php?rest_route=%2Fwp%2Fv2%2Fcomments&post=118"}],"version-history":[{"count":2,"href":"http:\/\/cvjm-speichersdorf.de\/index.php?rest_route=\/wp\/v2\/pages\/118\/revisions"}],"predecessor-version":[{"id":175,"href":"http:\/\/cvjm-speichersdorf.de\/index.php?rest_route=\/wp\/v2\/pages\/118\/revisions\/175"}],"wp:attachment":[{"href":"http:\/\/cvjm-speichersdorf.de\/index.php?rest_route=%2Fwp%2Fv2%2Fmedia&parent=118"}],"curies":[{"name":"wp","href":"https:\/\/api.w.org\/{rel}","templated":true}]}}