{"id":113,"date":"2021-01-10T10:00:45","date_gmt":"2021-01-10T10:00:45","guid":{"rendered":"http:\/\/cvjm-speichersdorf.de\/?page_id=113"},"modified":"2021-01-11T20:33:11","modified_gmt":"2021-01-11T19:33:11","slug":"unterstuetzung","status":"publish","type":"page","link":"http:\/\/cvjm-speichersdorf.de\/?page_id=113","title":{"rendered":"Unterst\u00fctzung"},"content":{"rendered":"\n<p>Als gemeinn\u00fctziger Verein sind wir auf vielf\u00e4ltige Unterst\u00fctzung angewiesen. Wenn Sie uns tatkr\u00e4ftig unter die Arme greifen m\u00f6chten, z\u00f6gern Sie nicht mit uns in Verbindung zu treten.<\/p>\n\n\n\n<p>Nat\u00fcrlich sind wir auch auf finanzielle Unterst\u00fctzung angewiesen. Jeder kleine und gro\u00dfe Betrag hilft uns weiter!<\/p>\n\n\n\n<p><strong>IBAN:&nbsp;<\/strong>DE48 7535 0000 0008 9940 06&nbsp; &nbsp; &nbsp;<strong>BIC:&nbsp;<\/strong>BYLADEM1WEN&nbsp; Sparkasse Oberpfalz Nord<\/p>\n\n\n\n<p>Vergelt\u2019s Gott!<\/p>\n","protected":false},"excerpt":{"rendered":"<p>Als gemeinn\u00fctziger Verein sind wir auf vielf\u00e4ltige Unterst\u00fctzung angewiesen. Wenn Sie uns tatkr\u00e4ftig unter die Arme greifen m\u00f6chten, z\u00f6gern Sie <span class=\"more-text\">&hellip;<\/span><\/p>\n","protected":false},"author":1,"featured_media":0,"parent":0,"menu_order":0,"comment_status":"closed","ping_status":"closed","template":"","meta":{"ngg_post_thumbnail":0,"footnotes":""},"class_list":["post-113","page","type-page","status-publish","hentry"],"_links":{"self":[{"href":"http:\/\/cvjm-speichersdorf.de\/index.php?rest_route=\/wp\/v2\/pages\/113","targetHints":{"allow":["GET"]}}],"collection":[{"href":"http:\/\/cvjm-speichersdorf.de\/index.php?rest_route=\/wp\/v2\/pages"}],"about":[{"href":"http:\/\/cvjm-speichersdorf.de\/index.php?rest_route=\/wp\/v2\/types\/page"}],"author":[{"embeddable":true,"href":"http:\/\/cvjm-speichersdorf.de\/index.php?rest_route=\/wp\/v2\/users\/1"}],"replies":[{"embeddable":true,"href":"http:\/\/cvjm-speichersdorf.de\/index.php?rest_route=%2Fwp%2Fv2%2Fcomments&post=113"}],"version-history":[{"count":2,"href":"http:\/\/cvjm-speichersdorf.de\/index.php?rest_route=\/wp\/v2\/pages\/113\/revisions"}],"predecessor-version":[{"id":169,"href":"http:\/\/cvjm-speichersdorf.de\/index.php?rest_route=\/wp\/v2\/pages\/113\/revisions\/169"}],"wp:attachment":[{"href":"http:\/\/cvjm-speichersdorf.de\/index.php?rest_route=%2Fwp%2Fv2%2Fmedia&parent=113"}],"curies":[{"name":"wp","href":"https:\/\/api.w.org\/{rel}","templated":true}]}}